{"id":7956,"date":"2014-07-04T10:06:07","date_gmt":"2014-07-04T10:06:07","guid":{"rendered":"https:\/\/hair-beauty.vamtam.com\/?page_id=7956"},"modified":"2024-02-19T08:12:48","modified_gmt":"2024-02-19T07:12:48","slug":"toiletteur-chateaugiron","status":"publish","type":"page","link":"https:\/\/toilettage-rennes.com\/index.php\/toiletteur-chateaugiron\/","title":{"rendered":"Le Toilettage"},"content":{"rendered":"<div class=\"row \"><div class=\"wpv-grid grid-1-1  wpv-first-level grid-1-1 first extended-content unextended no-extended-padding\" style=\"padding-top:0.05px;padding-bottom:0.05px;\" id=\"wpv-column-c635b7bf829651dacec69dbd1b9881f4\" ><div class=\"extended-column-inner\"><div class=\"row \"><div class=\"wpv-grid grid-1-2  grid-1-2 first unextended no-extended-padding\" style=\"padding-top:20px;padding-bottom:40px;\" id=\"wpv-column-ad39d0647737e3a889acfb15226fcae0\" ><div class=\"row \"><div class=\"wpv-grid grid-1-1  grid-1-1 first unextended animation-from-bottom animated-active no-extended-padding\" style=\"padding-top:0.05px;padding-bottom:0.05px;\" id=\"wpv-column-edbd1c058f9b6f2bfe3e5aca994baef5\" >\t\t<h2 class=\"text-divider-double\">\t\t\t\nLe Diagnostic\t\t<\/h2>\t\t<div class=\"sep\"><\/div>\n\t<\/div><\/div>\n<div class=\"row \"><div class=\"wpv-grid grid-1-1  grid-1-1 first unextended animation-from-bottom animated-active no-extended-padding\" style=\"padding-top:0.05px;padding-bottom:0.05px;\" id=\"wpv-column-05ac52a33b94c86022543145d2710ffa\" ><p class=\"p1\" style=\"text-align: center;\">Ensemble nous prenons le temps d\u2019\u00e9changer sur l\u2019\u00e9tat g\u00e9n\u00e9ral de votre compagnon afin d\u2019adapter ses soins.<div class=\"push  wpv-hide-lowres\" style=\"height:15px\"><\/div><\/div><\/div><\/div>\n<div class=\"wpv-grid grid-1-2  grid-1-2 has-background unextended no-extended-padding\" style=\"\n\t\t\t\tbackground: url( &#039;https:\/\/toilettage-rennes.com\/wp-content\/uploads\/2021\/03\/doggy-759.jpg&#039; )  ;\n\t\t\t\tbackground-size: cover;\n\t\t\tbackground-attachment: scroll;background-color:#797067;padding-top:400px;padding-bottom:0.05px;\" id=\"wpv-column-735d5a6edd50a7ac7a82893dd152719c\" ><style>#wpv-column-735d5a6edd50a7ac7a82893dd152719c,#wpv-column-735d5a6edd50a7ac7a82893dd152719c p,#wpv-column-735d5a6edd50a7ac7a82893dd152719c em,#wpv-column-735d5a6edd50a7ac7a82893dd152719c h1,#wpv-column-735d5a6edd50a7ac7a82893dd152719c h2,#wpv-column-735d5a6edd50a7ac7a82893dd152719c h3,#wpv-column-735d5a6edd50a7ac7a82893dd152719c h4,#wpv-column-735d5a6edd50a7ac7a82893dd152719c h5,#wpv-column-735d5a6edd50a7ac7a82893dd152719c h6,#wpv-column-735d5a6edd50a7ac7a82893dd152719c h1 a:not(:hover),#wpv-column-735d5a6edd50a7ac7a82893dd152719c h2 a:not(:hover),#wpv-column-735d5a6edd50a7ac7a82893dd152719c h3 a:not(:hover),#wpv-column-735d5a6edd50a7ac7a82893dd152719c h4 a:not(:hover),#wpv-column-735d5a6edd50a7ac7a82893dd152719c h5 a:not(:hover),#wpv-column-735d5a6edd50a7ac7a82893dd152719c h6 a:not(:hover),#wpv-column-735d5a6edd50a7ac7a82893dd152719c .column-title,#wpv-column-735d5a6edd50a7ac7a82893dd152719c .sep-text h2.regular-title-wrapper,#wpv-column-735d5a6edd50a7ac7a82893dd152719c .text-divider-double,#wpv-column-735d5a6edd50a7ac7a82893dd152719c .sep-text .sep-text-line,#wpv-column-735d5a6edd50a7ac7a82893dd152719c .sep,#wpv-column-735d5a6edd50a7ac7a82893dd152719c .sep-2,#wpv-column-735d5a6edd50a7ac7a82893dd152719c .sep-3,#wpv-column-735d5a6edd50a7ac7a82893dd152719c .portfolio-filters .inner-wrapper .cbp-filter-item,#wpv-column-735d5a6edd50a7ac7a82893dd152719c .portfolio-filters .inner-wrapper .cbp-filter-item:hover,#wpv-column-735d5a6edd50a7ac7a82893dd152719c .portfolio-filters .inner-wrapper .cbp-filter-item.cbp-filter-item-active,#wpv-column-735d5a6edd50a7ac7a82893dd152719c td,#wpv-column-735d5a6edd50a7ac7a82893dd152719c th,#wpv-column-735d5a6edd50a7ac7a82893dd152719c caption{color:#fff;}<\/style><\/div><\/div>\n<div class=\"row \"><div class=\"wpv-grid grid-1-2  grid-1-2 first has-background unextended animation-fade-in animated-active no-extended-padding\" style=\"\n\t\t\t\tbackground: url( &#039;https:\/\/toilettage-rennes.com\/wp-content\/uploads\/2021\/03\/griffes.jpg&#039; )  ;\n\t\t\t\tbackground-size: cover;\n\t\t\tbackground-attachment: scroll;background-color:#ffffff;padding-top:400px;padding-bottom:0.05px;\" id=\"wpv-column-e6ae9d5b44d5f264cf4f683319d88a3b\" ><style>#wpv-column-e6ae9d5b44d5f264cf4f683319d88a3b,#wpv-column-e6ae9d5b44d5f264cf4f683319d88a3b p,#wpv-column-e6ae9d5b44d5f264cf4f683319d88a3b em,#wpv-column-e6ae9d5b44d5f264cf4f683319d88a3b h1,#wpv-column-e6ae9d5b44d5f264cf4f683319d88a3b h2,#wpv-column-e6ae9d5b44d5f264cf4f683319d88a3b h3,#wpv-column-e6ae9d5b44d5f264cf4f683319d88a3b h4,#wpv-column-e6ae9d5b44d5f264cf4f683319d88a3b h5,#wpv-column-e6ae9d5b44d5f264cf4f683319d88a3b h6,#wpv-column-e6ae9d5b44d5f264cf4f683319d88a3b h1 a:not(:hover),#wpv-column-e6ae9d5b44d5f264cf4f683319d88a3b h2 a:not(:hover),#wpv-column-e6ae9d5b44d5f264cf4f683319d88a3b h3 a:not(:hover),#wpv-column-e6ae9d5b44d5f264cf4f683319d88a3b h4 a:not(:hover),#wpv-column-e6ae9d5b44d5f264cf4f683319d88a3b h5 a:not(:hover),#wpv-column-e6ae9d5b44d5f264cf4f683319d88a3b h6 a:not(:hover),#wpv-column-e6ae9d5b44d5f264cf4f683319d88a3b .column-title,#wpv-column-e6ae9d5b44d5f264cf4f683319d88a3b .sep-text h2.regular-title-wrapper,#wpv-column-e6ae9d5b44d5f264cf4f683319d88a3b .text-divider-double,#wpv-column-e6ae9d5b44d5f264cf4f683319d88a3b .sep-text .sep-text-line,#wpv-column-e6ae9d5b44d5f264cf4f683319d88a3b .sep,#wpv-column-e6ae9d5b44d5f264cf4f683319d88a3b .sep-2,#wpv-column-e6ae9d5b44d5f264cf4f683319d88a3b .sep-3,#wpv-column-e6ae9d5b44d5f264cf4f683319d88a3b .portfolio-filters .inner-wrapper .cbp-filter-item,#wpv-column-e6ae9d5b44d5f264cf4f683319d88a3b .portfolio-filters .inner-wrapper .cbp-filter-item:hover,#wpv-column-e6ae9d5b44d5f264cf4f683319d88a3b .portfolio-filters .inner-wrapper .cbp-filter-item.cbp-filter-item-active,#wpv-column-e6ae9d5b44d5f264cf4f683319d88a3b td,#wpv-column-e6ae9d5b44d5f264cf4f683319d88a3b th,#wpv-column-e6ae9d5b44d5f264cf4f683319d88a3b caption{color:#333;}<\/style><\/div>\n<div class=\"wpv-grid grid-1-2  grid-1-2 unextended no-extended-padding\" style=\"padding-top:20px;padding-bottom:0.05px;\" id=\"wpv-column-3fc25b1da7ba4e65dff3ff08b54dc17d\" ><div class=\"row \"><div class=\"wpv-grid grid-1-1  grid-1-1 first unextended animation-from-bottom animated-active no-extended-padding\" style=\"padding-top:0.05px;padding-bottom:0.05px;\" id=\"wpv-column-632e9b15eeadad9b18b35604ec2be974\" >\t\t<h2 class=\"text-divider-double\">\t\t\t\nGriffes et oreilles\t\t<\/h2>\t\t<div class=\"sep\"><\/div>\n\t<\/div><\/div>\n<div class=\"row \"><div class=\"wpv-grid grid-1-1  grid-1-1 first unextended animation-from-bottom animated-active no-extended-padding\" style=\"padding-top:0.05px;padding-bottom:0.05px;\" id=\"wpv-column-ffd887069202531b7367f1ff3a3583b5\" ><p style=\"text-align: center;\">La coupe des ongles s\u2019effectue \u00e0 chaque toilettage car les ongles trop longs g\u00eanent l\u2019animal dans chacun de ses d\u00e9placements.<br \/>\n<div class=\"push  wpv-hide-lowres\" style=\"height:15px\"><\/div><\/div><\/div>\n<div class=\"push  wpv-hide-lowres\" style=\"height:40px\"><\/div><\/div><\/div>\n<div class=\"row \"><div class=\"wpv-grid grid-1-2  grid-1-2 first unextended no-extended-padding\" style=\"padding-top:20px;padding-bottom:40px;\" id=\"wpv-column-41fe028b0af112832ecf3ad3cfc26714\" ><div class=\"row \"><div class=\"wpv-grid grid-1-1  grid-1-1 first unextended animation-from-bottom animated-active no-extended-padding\" style=\"padding-top:0.05px;padding-bottom:0.05px;\" id=\"wpv-column-7494531027507041e7c20ca6a242919f\" >\t\t<h2 class=\"text-divider-double\">\t\t\t\nLe Bain\t\t<\/h2>\t\t<div class=\"sep\"><\/div>\n\t<\/div><\/div>\n<div class=\"row \"><div class=\"wpv-grid grid-1-1  grid-1-1 first unextended animation-from-bottom animated-active no-extended-padding\" style=\"padding-top:0.05px;padding-bottom:0.05px;\" id=\"wpv-column-472fca25ac0bffc2c1bcbaaab577dec7\" ><p class=\"p1\" style=\"text-align: center;\">Le bain comprend deux shampoings ainsi qu\u2019un apr\u00e8s shampoing, adapt\u00e9s aux poils et \u00e0 la peau du chien.<div class=\"push  wpv-hide-lowres\" style=\"height:15px\"><\/div><\/div><\/div><\/div>\n<div class=\"wpv-grid grid-1-2  grid-1-2 has-background unextended animation-fade-in animated-active no-extended-padding\" style=\"\n\t\t\t\tbackground: url( &#039;https:\/\/toilettage-rennes.com\/wp-content\/uploads\/2021\/03\/f.jpg&#039; )  ;\n\t\t\t\tbackground-size: cover;\n\t\t\tbackground-attachment: scroll;background-color:#ffffff;padding-top:400px;padding-bottom:0.05px;\" id=\"wpv-column-7a9872c177d576d36dbef8e51197c567\" ><style>#wpv-column-7a9872c177d576d36dbef8e51197c567,#wpv-column-7a9872c177d576d36dbef8e51197c567 p,#wpv-column-7a9872c177d576d36dbef8e51197c567 em,#wpv-column-7a9872c177d576d36dbef8e51197c567 h1,#wpv-column-7a9872c177d576d36dbef8e51197c567 h2,#wpv-column-7a9872c177d576d36dbef8e51197c567 h3,#wpv-column-7a9872c177d576d36dbef8e51197c567 h4,#wpv-column-7a9872c177d576d36dbef8e51197c567 h5,#wpv-column-7a9872c177d576d36dbef8e51197c567 h6,#wpv-column-7a9872c177d576d36dbef8e51197c567 h1 a:not(:hover),#wpv-column-7a9872c177d576d36dbef8e51197c567 h2 a:not(:hover),#wpv-column-7a9872c177d576d36dbef8e51197c567 h3 a:not(:hover),#wpv-column-7a9872c177d576d36dbef8e51197c567 h4 a:not(:hover),#wpv-column-7a9872c177d576d36dbef8e51197c567 h5 a:not(:hover),#wpv-column-7a9872c177d576d36dbef8e51197c567 h6 a:not(:hover),#wpv-column-7a9872c177d576d36dbef8e51197c567 .column-title,#wpv-column-7a9872c177d576d36dbef8e51197c567 .sep-text h2.regular-title-wrapper,#wpv-column-7a9872c177d576d36dbef8e51197c567 .text-divider-double,#wpv-column-7a9872c177d576d36dbef8e51197c567 .sep-text .sep-text-line,#wpv-column-7a9872c177d576d36dbef8e51197c567 .sep,#wpv-column-7a9872c177d576d36dbef8e51197c567 .sep-2,#wpv-column-7a9872c177d576d36dbef8e51197c567 .sep-3,#wpv-column-7a9872c177d576d36dbef8e51197c567 .portfolio-filters .inner-wrapper .cbp-filter-item,#wpv-column-7a9872c177d576d36dbef8e51197c567 .portfolio-filters .inner-wrapper .cbp-filter-item:hover,#wpv-column-7a9872c177d576d36dbef8e51197c567 .portfolio-filters .inner-wrapper .cbp-filter-item.cbp-filter-item-active,#wpv-column-7a9872c177d576d36dbef8e51197c567 td,#wpv-column-7a9872c177d576d36dbef8e51197c567 th,#wpv-column-7a9872c177d576d36dbef8e51197c567 caption{color:#333;}<\/style><\/div><\/div>\n<div class=\"row \"><div class=\"wpv-grid grid-1-2  grid-1-2 first has-background unextended animation-fade-in animated-active no-extended-padding\" style=\"\n\t\t\t\tbackground: url( &#039;https:\/\/toilettage-rennes.com\/wp-content\/uploads\/2021\/03\/g.jpg&#039; )  ;\n\t\t\t\tbackground-size: cover;\n\t\t\tbackground-attachment: scroll;background-color:#ced9d9;padding-top:400px;padding-bottom:0.05px;\" id=\"wpv-column-cc6f1505694126468055f44476fda923\" ><style>#wpv-column-cc6f1505694126468055f44476fda923,#wpv-column-cc6f1505694126468055f44476fda923 p,#wpv-column-cc6f1505694126468055f44476fda923 em,#wpv-column-cc6f1505694126468055f44476fda923 h1,#wpv-column-cc6f1505694126468055f44476fda923 h2,#wpv-column-cc6f1505694126468055f44476fda923 h3,#wpv-column-cc6f1505694126468055f44476fda923 h4,#wpv-column-cc6f1505694126468055f44476fda923 h5,#wpv-column-cc6f1505694126468055f44476fda923 h6,#wpv-column-cc6f1505694126468055f44476fda923 h1 a:not(:hover),#wpv-column-cc6f1505694126468055f44476fda923 h2 a:not(:hover),#wpv-column-cc6f1505694126468055f44476fda923 h3 a:not(:hover),#wpv-column-cc6f1505694126468055f44476fda923 h4 a:not(:hover),#wpv-column-cc6f1505694126468055f44476fda923 h5 a:not(:hover),#wpv-column-cc6f1505694126468055f44476fda923 h6 a:not(:hover),#wpv-column-cc6f1505694126468055f44476fda923 .column-title,#wpv-column-cc6f1505694126468055f44476fda923 .sep-text h2.regular-title-wrapper,#wpv-column-cc6f1505694126468055f44476fda923 .text-divider-double,#wpv-column-cc6f1505694126468055f44476fda923 .sep-text .sep-text-line,#wpv-column-cc6f1505694126468055f44476fda923 .sep,#wpv-column-cc6f1505694126468055f44476fda923 .sep-2,#wpv-column-cc6f1505694126468055f44476fda923 .sep-3,#wpv-column-cc6f1505694126468055f44476fda923 .portfolio-filters .inner-wrapper .cbp-filter-item,#wpv-column-cc6f1505694126468055f44476fda923 .portfolio-filters .inner-wrapper .cbp-filter-item:hover,#wpv-column-cc6f1505694126468055f44476fda923 .portfolio-filters .inner-wrapper .cbp-filter-item.cbp-filter-item-active,#wpv-column-cc6f1505694126468055f44476fda923 td,#wpv-column-cc6f1505694126468055f44476fda923 th,#wpv-column-cc6f1505694126468055f44476fda923 caption{color:#070707;}<\/style><\/div>\n<div class=\"wpv-grid grid-1-2  grid-1-2 unextended no-extended-padding\" style=\"padding-top:20px;padding-bottom:0.05px;\" id=\"wpv-column-f757c1dde3a484d77b6549579715982d\" ><div class=\"row \"><div class=\"wpv-grid grid-1-1  grid-1-1 first unextended animation-from-bottom animated-active no-extended-padding\" style=\"padding-top:0.05px;padding-bottom:0.05px;\" id=\"wpv-column-52255c15d7e6b366d38744753c38f93f\" >\t\t<h2 class=\"text-divider-double\">\t\t\t\nLa Coupe\t\t<\/h2>\t\t<div class=\"sep\"><\/div>\n\t<\/div><\/div>\n<div class=\"row \"><div class=\"wpv-grid grid-1-1  grid-1-1 first unextended animation-from-bottom animated-active no-extended-padding\" style=\"padding-top:0.05px;padding-bottom:0.05px;\" id=\"wpv-column-7793cc4526c61fde4acdacfd7356691f\" ><p class=\"p1\" style=\"text-align: center;\">Que ce soit aux ciseaux, \u00e0 la tondeuse ou en \u00e9pilation, la coupe sera toujours en ad\u00e9quation avec la race et la fa\u00e7on de vivre de la famille.<div class=\"push  wpv-hide-lowres\" style=\"height:15px\"><\/div><\/div><\/div>\n<div class=\"push  wpv-hide-lowres\" style=\"height:40px\"><\/div><\/div><\/div>\n<div class=\"row \"><div class=\"wpv-grid grid-1-2 add-border grid-1-2 first unextended no-extended-padding\" style=\"padding-top:20px;padding-bottom:40px;\" id=\"wpv-column-828d3a25af42b5e81b583f37874af6d6\" ><div class=\"row \"><div class=\"wpv-grid grid-1-1  grid-1-1 first unextended animation-from-bottom animated-active no-extended-padding\" style=\"padding-top:0.05px;padding-bottom:0.05px;\" id=\"wpv-column-4426dec5d99b7ef15277465b188db8c6\" >\t\t<h2 class=\"text-divider-double\">\t\t\t\nLa Finition\t\t<\/h2>\t\t<div class=\"sep\"><\/div>\n\t<\/div><\/div>\n<div class=\"row \"><div class=\"wpv-grid grid-1-1  grid-1-1 first unextended animation-from-bottom animated-active no-extended-padding\" style=\"padding-top:0.05px;padding-bottom:0.05px;\" id=\"wpv-column-e30a09469a151e1f624528bec2272a09\" ><p style=\"text-align: center;\">Nous passons au minimum 1h30 \u00e0 nous occuper de votre compagnon pour son bien-\u00eatre et pour vous faciliter son entretien.<\/p>\n<p style=\"text-align: center;\">Pour le confort de votre animal le faire toiletter tous les 2 mois.<br \/>\n<div class=\"push  wpv-hide-lowres\" style=\"height:15px\"><\/div><\/div><\/div><\/div>\n<div class=\"wpv-grid grid-1-2  grid-1-2 has-background unextended animation-fade-in animated-active no-extended-padding\" style=\"\n\t\t\t\tbackground: url( &#039;https:\/\/toilettage-rennes.com\/wp-content\/uploads\/2021\/03\/144828624_s.jpg&#039; )  ;\n\t\t\t\tbackground-size: cover;\n\t\t\tbackground-attachment: scroll;background-color:#ffffff;padding-top:400px;padding-bottom:0.05px;\" id=\"wpv-column-46fb31de7a68c9ecbdfad0b3610deefe\" ><style>#wpv-column-46fb31de7a68c9ecbdfad0b3610deefe,#wpv-column-46fb31de7a68c9ecbdfad0b3610deefe p,#wpv-column-46fb31de7a68c9ecbdfad0b3610deefe em,#wpv-column-46fb31de7a68c9ecbdfad0b3610deefe h1,#wpv-column-46fb31de7a68c9ecbdfad0b3610deefe h2,#wpv-column-46fb31de7a68c9ecbdfad0b3610deefe h3,#wpv-column-46fb31de7a68c9ecbdfad0b3610deefe h4,#wpv-column-46fb31de7a68c9ecbdfad0b3610deefe h5,#wpv-column-46fb31de7a68c9ecbdfad0b3610deefe h6,#wpv-column-46fb31de7a68c9ecbdfad0b3610deefe h1 a:not(:hover),#wpv-column-46fb31de7a68c9ecbdfad0b3610deefe h2 a:not(:hover),#wpv-column-46fb31de7a68c9ecbdfad0b3610deefe h3 a:not(:hover),#wpv-column-46fb31de7a68c9ecbdfad0b3610deefe h4 a:not(:hover),#wpv-column-46fb31de7a68c9ecbdfad0b3610deefe h5 a:not(:hover),#wpv-column-46fb31de7a68c9ecbdfad0b3610deefe h6 a:not(:hover),#wpv-column-46fb31de7a68c9ecbdfad0b3610deefe .column-title,#wpv-column-46fb31de7a68c9ecbdfad0b3610deefe .sep-text h2.regular-title-wrapper,#wpv-column-46fb31de7a68c9ecbdfad0b3610deefe .text-divider-double,#wpv-column-46fb31de7a68c9ecbdfad0b3610deefe .sep-text .sep-text-line,#wpv-column-46fb31de7a68c9ecbdfad0b3610deefe .sep,#wpv-column-46fb31de7a68c9ecbdfad0b3610deefe .sep-2,#wpv-column-46fb31de7a68c9ecbdfad0b3610deefe .sep-3,#wpv-column-46fb31de7a68c9ecbdfad0b3610deefe .portfolio-filters .inner-wrapper .cbp-filter-item,#wpv-column-46fb31de7a68c9ecbdfad0b3610deefe .portfolio-filters .inner-wrapper .cbp-filter-item:hover,#wpv-column-46fb31de7a68c9ecbdfad0b3610deefe .portfolio-filters .inner-wrapper .cbp-filter-item.cbp-filter-item-active,#wpv-column-46fb31de7a68c9ecbdfad0b3610deefe td,#wpv-column-46fb31de7a68c9ecbdfad0b3610deefe th,#wpv-column-46fb31de7a68c9ecbdfad0b3610deefe caption{color:#333;}<\/style><\/div><\/div><\/div><\/div><\/div>\n<div class=\"push  wpv-hide-lowres\" style=\"height:100px\"><\/div>\n","protected":false},"excerpt":{"rendered":"<p>Ensemble nous prenons le temps d\u2019\u00e9changer sur l\u2019\u00e9tat g\u00e9n\u00e9ral de votre compagnon afin d\u2019adapter ses soins. La coupe des ongles s\u2019effectue \u00e0 chaque toilettage car les ongles trop longs g\u00eanent l\u2019animal dans chacun de ses d\u00e9placements. Le bain comprend deux shampoings ainsi qu\u2019un apr\u00e8s shampoing, adapt\u00e9s aux poils et \u00e0 la peau du chien. Que&#8230;<\/p>\n","protected":false},"author":1,"featured_media":0,"parent":0,"menu_order":0,"comment_status":"closed","ping_status":"open","template":"","meta":{"footnotes":""},"class_list":["post-7956","page","type-page","status-publish","hentry"],"_links":{"self":[{"href":"https:\/\/toilettage-rennes.com\/index.php\/wp-json\/wp\/v2\/pages\/7956","targetHints":{"allow":["GET"]}}],"collection":[{"href":"https:\/\/toilettage-rennes.com\/index.php\/wp-json\/wp\/v2\/pages"}],"about":[{"href":"https:\/\/toilettage-rennes.com\/index.php\/wp-json\/wp\/v2\/types\/page"}],"author":[{"embeddable":true,"href":"https:\/\/toilettage-rennes.com\/index.php\/wp-json\/wp\/v2\/users\/1"}],"replies":[{"embeddable":true,"href":"https:\/\/toilettage-rennes.com\/index.php\/wp-json\/wp\/v2\/comments?post=7956"}],"version-history":[{"count":28,"href":"https:\/\/toilettage-rennes.com\/index.php\/wp-json\/wp\/v2\/pages\/7956\/revisions"}],"predecessor-version":[{"id":989298,"href":"https:\/\/toilettage-rennes.com\/index.php\/wp-json\/wp\/v2\/pages\/7956\/revisions\/989298"}],"wp:attachment":[{"href":"https:\/\/toilettage-rennes.com\/index.php\/wp-json\/wp\/v2\/media?parent=7956"}],"curies":[{"name":"wp","href":"https:\/\/api.w.org\/{rel}","templated":true}]}}